{"id":234,"date":"2025-07-24T13:46:10","date_gmt":"2025-07-24T13:46:10","guid":{"rendered":"https:\/\/saku.media.pl\/?page_id=234"},"modified":"2026-03-18T13:03:02","modified_gmt":"2026-03-18T13:03:02","slug":"o-nas","status":"publish","type":"page","link":"https:\/\/saku.media.pl\/index.php\/o-nas\/","title":{"rendered":"O nas"},"content":{"rendered":"\t\t<div data-elementor-type=\"wp-page\" data-elementor-id=\"234\" class=\"elementor elementor-234\" data-elementor-post-type=\"page\">\n\t\t\t\t<div class=\"elementor-element elementor-element-69a3f84e e-flex e-con-boxed e-con e-parent\" data-id=\"69a3f84e\" data-element_type=\"container\" data-settings=\"{&quot;background_background&quot;:&quot;classic&quot;}\">\n\t\t\t\t\t<div class=\"e-con-inner\">\n\t\t<div class=\"elementor-element elementor-element-60e349eb e-con-full e-flex e-con e-child\" data-id=\"60e349eb\" data-element_type=\"container\">\n\t\t\t\t<div class=\"elementor-element elementor-element-31a59059 elementor-invisible elementor-widget elementor-widget-heading\" data-id=\"31a59059\" data-element_type=\"widget\" data-settings=\"{&quot;_animation&quot;:&quot;fadeInDown&quot;}\" data-widget_type=\"heading.default\">\n\t\t\t\t\t<h1 class=\"elementor-heading-title elementor-size-default\">O nas<\/h1>\t\t\t\t<\/div>\n\t\t\t\t<div class=\"elementor-element elementor-element-5b032a4d elementor-invisible elementor-widget elementor-widget-heading\" data-id=\"5b032a4d\" data-element_type=\"widget\" data-settings=\"{&quot;_animation&quot;:&quot;fadeInUp&quot;}\" data-widget_type=\"heading.default\">\n\t\t\t\t\t<h4 class=\"elementor-heading-title elementor-size-default\">Jedno wie, drugie czuje.<\/BR> Kto jest kim? Zale\u017cy od dnia.<\/h4>\t\t\t\t<\/div>\n\t\t\t\t<\/div>\n\t\t\t\t\t<\/div>\n\t\t\t\t<\/div>\n\t\t<div class=\"elementor-element elementor-element-2587a28e e-flex e-con-boxed e-con e-parent\" data-id=\"2587a28e\" data-element_type=\"container\" data-settings=\"{&quot;background_background&quot;:&quot;classic&quot;}\">\n\t\t\t\t\t<div class=\"e-con-inner\">\n\t\t<div class=\"elementor-element elementor-element-22478577 e-con-full e-flex elementor-invisible e-con e-child\" data-id=\"22478577\" data-element_type=\"container\" data-settings=\"{&quot;animation&quot;:&quot;fadeInLeft&quot;}\">\n\t\t\t\t<div class=\"elementor-element elementor-element-1ca8399f elementor-widget elementor-widget-heading\" data-id=\"1ca8399f\" data-element_type=\"widget\" data-widget_type=\"heading.default\">\n\t\t\t\t\t<h6 class=\"elementor-heading-title elementor-size-default\">KIM JESTE\u015aMY<\/h6>\t\t\t\t<\/div>\n\t\t\t\t<div class=\"elementor-element elementor-element-5ddb4a54 elementor-widget elementor-widget-heading\" data-id=\"5ddb4a54\" data-element_type=\"widget\" data-widget_type=\"heading.default\">\n\t\t\t\t\t<h2 class=\"elementor-heading-title elementor-size-default\">Emilia &amp; Jakub<\/h2>\t\t\t\t<\/div>\n\t\t\t\t<div class=\"elementor-element elementor-element-3f1ae192 elementor-widget elementor-widget-text-editor\" data-id=\"3f1ae192\" data-element_type=\"widget\" data-widget_type=\"text-editor.default\">\n\t\t\t\t\t\t\t\t\t<p data-start=\"117\" data-end=\"297\">\u0141\u0105czymy do\u015bwiadczenie z nowoczesnym spojrzeniem. Jakub \u2013 ponad 20 lat w marketingu i zarz\u0105dzaniu du\u017cymi projektami. Emilia \u2013 \u015bwie\u017ca energia, kreatywno\u015b\u0107 i \u015bwietne wyczucie trend\u00f3w.<\/p><p data-start=\"299\" data-end=\"553\">Wsp\u00f3lnie prowadzimy skuteczny marketing internetowy. Tworzymy anga\u017cuj\u0105ce tre\u015bci, prowadzimy profile w social media, piszemy blogi SEO i optymalizujemy wizyt\u00f3wki Google. Bez zb\u0119dnych s\u0142\u00f3w \u2013 dzia\u0142amy tak, by Twoja marka by\u0142a widoczna, sp\u00f3jna i zapami\u0119tana.<\/p>\t\t\t\t\t\t\t\t<\/div>\n\t\t\t\t<\/div>\n\t\t<div class=\"elementor-element elementor-element-6d8b68d5 e-con-full e-flex elementor-invisible e-con e-child\" data-id=\"6d8b68d5\" data-element_type=\"container\" data-settings=\"{&quot;animation&quot;:&quot;slideInUp&quot;}\">\n\t\t\t\t<div class=\"elementor-element elementor-element-325a9786 elementor-invisible elementor-widget elementor-widget-image\" data-id=\"325a9786\" data-element_type=\"widget\" data-settings=\"{&quot;_animation&quot;:&quot;fadeInDown&quot;}\" data-widget_type=\"image.default\">\n\t\t\t\t\t\t\t\t\t\t\t\t\t\t\t<img fetchpriority=\"high\" decoding=\"async\" width=\"1707\" height=\"2560\" src=\"https:\/\/saku.media.pl\/wp-content\/uploads\/2026\/03\/621A3528-Edit-scaled.jpg\" class=\"attachment-full size-full wp-image-915\" alt=\"\" srcset=\"https:\/\/saku.media.pl\/wp-content\/uploads\/2026\/03\/621A3528-Edit-scaled.jpg 1707w, https:\/\/saku.media.pl\/wp-content\/uploads\/2026\/03\/621A3528-Edit-200x300.jpg 200w, https:\/\/saku.media.pl\/wp-content\/uploads\/2026\/03\/621A3528-Edit-683x1024.jpg 683w, https:\/\/saku.media.pl\/wp-content\/uploads\/2026\/03\/621A3528-Edit-768x1152.jpg 768w, https:\/\/saku.media.pl\/wp-content\/uploads\/2026\/03\/621A3528-Edit-1024x1536.jpg 1024w, https:\/\/saku.media.pl\/wp-content\/uploads\/2026\/03\/621A3528-Edit-1366x2048.jpg 1366w\" sizes=\"(max-width: 1707px) 100vw, 1707px\" \/>\t\t\t\t\t\t\t\t\t\t\t\t\t\t\t<\/div>\n\t\t\t\t<\/div>\n\t\t<div class=\"elementor-element elementor-element-c27b000 e-con-full e-flex e-con e-child\" data-id=\"c27b000\" data-element_type=\"container\">\n\t\t\t\t<div class=\"elementor-element elementor-element-5f1613b elementor-invisible elementor-widget elementor-widget-image\" data-id=\"5f1613b\" data-element_type=\"widget\" data-settings=\"{&quot;_animation&quot;:&quot;fadeInDown&quot;}\" data-widget_type=\"image.default\">\n\t\t\t\t\t\t\t\t\t\t\t\t\t\t\t<img decoding=\"async\" width=\"1080\" height=\"1635\" src=\"https:\/\/saku.media.pl\/wp-content\/uploads\/2025\/07\/saku-media-marketing-internetowy-Wroclaw_11-e1753703405699.jpg\" class=\"attachment-full size-full wp-image-415\" alt=\"\" srcset=\"https:\/\/saku.media.pl\/wp-content\/uploads\/2025\/07\/saku-media-marketing-internetowy-Wroclaw_11-e1753703405699.jpg 1080w, https:\/\/saku.media.pl\/wp-content\/uploads\/2025\/07\/saku-media-marketing-internetowy-Wroclaw_11-e1753703405699-198x300.jpg 198w, https:\/\/saku.media.pl\/wp-content\/uploads\/2025\/07\/saku-media-marketing-internetowy-Wroclaw_11-e1753703405699-676x1024.jpg 676w, https:\/\/saku.media.pl\/wp-content\/uploads\/2025\/07\/saku-media-marketing-internetowy-Wroclaw_11-e1753703405699-768x1163.jpg 768w, https:\/\/saku.media.pl\/wp-content\/uploads\/2025\/07\/saku-media-marketing-internetowy-Wroclaw_11-e1753703405699-1015x1536.jpg 1015w\" sizes=\"(max-width: 1080px) 100vw, 1080px\" \/>\t\t\t\t\t\t\t\t\t\t\t\t\t\t\t<\/div>\n\t\t\t\t<\/div>\n\t\t\t\t\t<\/div>\n\t\t\t\t<\/div>\n\t\t<div class=\"elementor-element elementor-element-8d1a331 e-flex e-con-boxed e-con e-parent\" data-id=\"8d1a331\" data-element_type=\"container\" data-settings=\"{&quot;background_background&quot;:&quot;classic&quot;}\">\n\t\t\t\t\t<div class=\"e-con-inner\">\n\t\t\t\t<div class=\"elementor-element elementor-element-c2b9d46 elementor-widget-divider--view-line elementor-widget elementor-widget-divider\" data-id=\"c2b9d46\" data-element_type=\"widget\" data-widget_type=\"divider.default\">\n\t\t\t\t\t\t\t<div class=\"elementor-divider\">\n\t\t\t<span class=\"elementor-divider-separator\">\n\t\t\t\t\t\t<\/span>\n\t\t<\/div>\n\t\t\t\t\t\t<\/div>\n\t\t\t\t<div class=\"elementor-element elementor-element-9112fe2 elementor-widget elementor-widget-text-editor\" data-id=\"9112fe2\" data-element_type=\"widget\" data-widget_type=\"text-editor.default\">\n\t\t\t\t\t\t\t\t\t<p>Mo\u017ce bez dress code\u2019u, za to z planem na content&#8230; a czasem nawet z Red Bullem.<\/p>\t\t\t\t\t\t\t\t<\/div>\n\t\t\t\t<div class=\"elementor-element elementor-element-347bacb3 elementor-absolute elementor-hidden-mobile elementor-invisible elementor-widget elementor-widget-heading\" data-id=\"347bacb3\" data-element_type=\"widget\" data-settings=\"{&quot;_position&quot;:&quot;absolute&quot;,&quot;motion_fx_motion_fx_scrolling&quot;:&quot;yes&quot;,&quot;motion_fx_translateX_effect&quot;:&quot;yes&quot;,&quot;motion_fx_translateX_direction&quot;:&quot;negative&quot;,&quot;_animation&quot;:&quot;fadeInRight&quot;,&quot;motion_fx_translateX_speed&quot;:{&quot;unit&quot;:&quot;px&quot;,&quot;size&quot;:4,&quot;sizes&quot;:[]},&quot;motion_fx_translateX_affectedRange&quot;:{&quot;unit&quot;:&quot;%&quot;,&quot;size&quot;:&quot;&quot;,&quot;sizes&quot;:{&quot;start&quot;:0,&quot;end&quot;:100}},&quot;motion_fx_devices&quot;:[&quot;desktop&quot;,&quot;tablet&quot;,&quot;mobile&quot;]}\" data-widget_type=\"heading.default\">\n\t\t\t\t\t<div class=\"elementor-heading-title elementor-size-default\">SERCE I ROZUM<\/div>\t\t\t\t<\/div>\n\t\t\t\t<div class=\"elementor-element elementor-element-76dc1bc elementor-absolute elementor-hidden-mobile elementor-invisible elementor-widget elementor-widget-heading\" data-id=\"76dc1bc\" data-element_type=\"widget\" data-settings=\"{&quot;_position&quot;:&quot;absolute&quot;,&quot;motion_fx_motion_fx_scrolling&quot;:&quot;yes&quot;,&quot;motion_fx_translateX_effect&quot;:&quot;yes&quot;,&quot;motion_fx_translateX_direction&quot;:&quot;negative&quot;,&quot;_animation&quot;:&quot;fadeInRight&quot;,&quot;motion_fx_translateX_speed&quot;:{&quot;unit&quot;:&quot;px&quot;,&quot;size&quot;:4,&quot;sizes&quot;:[]},&quot;motion_fx_translateX_affectedRange&quot;:{&quot;unit&quot;:&quot;%&quot;,&quot;size&quot;:&quot;&quot;,&quot;sizes&quot;:{&quot;start&quot;:0,&quot;end&quot;:100}},&quot;motion_fx_devices&quot;:[&quot;desktop&quot;,&quot;tablet&quot;,&quot;mobile&quot;]}\" data-widget_type=\"heading.default\">\n\t\t\t\t\t<div class=\"elementor-heading-title elementor-size-default\">INTUICJA I ALGORYTMY<\/div>\t\t\t\t<\/div>\n\t\t\t\t<div class=\"elementor-element elementor-element-79b66c1 elementor-skin-carousel elementor-arrows-yes elementor-pagination-type-bullets elementor-pagination-position-outside elementor-widget elementor-widget-media-carousel\" data-id=\"79b66c1\" data-element_type=\"widget\" data-settings=\"{&quot;skin&quot;:&quot;carousel&quot;,&quot;effect&quot;:&quot;slide&quot;,&quot;show_arrows&quot;:&quot;yes&quot;,&quot;pagination&quot;:&quot;bullets&quot;,&quot;speed&quot;:500,&quot;autoplay&quot;:&quot;yes&quot;,&quot;autoplay_speed&quot;:5000,&quot;loop&quot;:&quot;yes&quot;,&quot;pause_on_hover&quot;:&quot;yes&quot;,&quot;pause_on_interaction&quot;:&quot;yes&quot;,&quot;space_between&quot;:{&quot;unit&quot;:&quot;px&quot;,&quot;size&quot;:10,&quot;sizes&quot;:[]},&quot;space_between_tablet&quot;:{&quot;unit&quot;:&quot;px&quot;,&quot;size&quot;:10,&quot;sizes&quot;:[]},&quot;space_between_mobile&quot;:{&quot;unit&quot;:&quot;px&quot;,&quot;size&quot;:10,&quot;sizes&quot;:[]}}\" data-widget_type=\"media-carousel.default\">\n\t\t\t\t\t\t\t\t\t\t<div class=\"elementor-main-swiper swiper\" role=\"region\" aria-roledescription=\"carousel\" aria-label=\"Slajdy\">\n\t\t\t\t<div class=\"swiper-wrapper\">\n\t\t\t\t\t\t\t\t\t\t\t<div class=\"swiper-slide\" role=\"group\" aria-roledescription=\"slide\">\n\t\t\t\t\t\t\t\t\t<div class=\"elementor-carousel-image\" role=\"img\" aria-label=\"WhatsApp Image 2026-03-15 at 09.52.59\" style=\"background-image: url(&#039;https:\/\/saku.media.pl\/wp-content\/uploads\/2026\/03\/WhatsApp-Image-2026-03-15-at-09.52.59.jpeg&#039;)\">\n\n\t\t\t\n\t\t\t\t\t<\/div>\n\t\t\t\t\t\t\t\t<\/div>\n\t\t\t\t\t\t\t\t\t\t\t<div class=\"swiper-slide\" role=\"group\" aria-roledescription=\"slide\">\n\t\t\t\t\t\t\t\t\t<div class=\"elementor-carousel-image\" role=\"img\" aria-label=\"saku media marketing internetowy Wroclaw_9\" style=\"background-image: url(&#039;https:\/\/saku.media.pl\/wp-content\/uploads\/2025\/07\/saku-media-marketing-internetowy-Wroclaw_9-e1753703375195.jpg&#039;)\">\n\n\t\t\t\n\t\t\t\t\t<\/div>\n\t\t\t\t\t\t\t\t<\/div>\n\t\t\t\t\t\t\t\t\t\t\t<div class=\"swiper-slide\" role=\"group\" aria-roledescription=\"slide\">\n\t\t\t\t\t\t\t\t\t<div class=\"elementor-carousel-image\" role=\"img\" aria-label=\"WhatsApp Image 2026-03-15 at 09.52.59 (1)\" style=\"background-image: url(&#039;https:\/\/saku.media.pl\/wp-content\/uploads\/2026\/03\/WhatsApp-Image-2026-03-15-at-09.52.59-1.jpeg&#039;)\">\n\n\t\t\t\n\t\t\t\t\t<\/div>\n\t\t\t\t\t\t\t\t<\/div>\n\t\t\t\t\t\t\t\t\t\t\t<div class=\"swiper-slide\" role=\"group\" aria-roledescription=\"slide\">\n\t\t\t\t\t\t\t\t\t<div class=\"elementor-carousel-image\" role=\"img\" aria-label=\"saku media marketing internetowy Wroclaw_12\" style=\"background-image: url(&#039;https:\/\/saku.media.pl\/wp-content\/uploads\/2025\/07\/saku-media-marketing-internetowy-Wroclaw_12-e1753703480121.jpg&#039;)\">\n\n\t\t\t\n\t\t\t\t\t<\/div>\n\t\t\t\t\t\t\t\t<\/div>\n\t\t\t\t\t\t\t\t\t\t\t<div class=\"swiper-slide\" role=\"group\" aria-roledescription=\"slide\">\n\t\t\t\t\t\t\t\t\t<div class=\"elementor-carousel-image\" role=\"img\" aria-label=\"WhatsApp Image 2026-03-15 at 09.50.57\" style=\"background-image: url(&#039;https:\/\/saku.media.pl\/wp-content\/uploads\/2026\/03\/WhatsApp-Image-2026-03-15-at-09.50.57.jpeg&#039;)\">\n\n\t\t\t\n\t\t\t\t\t<\/div>\n\t\t\t\t\t\t\t\t<\/div>\n\t\t\t\t\t\t\t\t\t\t\t<div class=\"swiper-slide\" role=\"group\" aria-roledescription=\"slide\">\n\t\t\t\t\t\t\t\t\t<div class=\"elementor-carousel-image\" role=\"img\" aria-label=\"saku media marketing internetowy Wroclaw_10\" style=\"background-image: url(&#039;https:\/\/saku.media.pl\/wp-content\/uploads\/2025\/07\/saku-media-marketing-internetowy-Wroclaw_10-e1753703389759.jpg&#039;)\">\n\n\t\t\t\n\t\t\t\t\t<\/div>\n\t\t\t\t\t\t\t\t<\/div>\n\t\t\t\t\t\t\t\t\t<\/div>\n\t\t\t\t\t\t\t\t\t\t\t\t\t\t\t<div class=\"elementor-swiper-button elementor-swiper-button-prev\" role=\"button\" tabindex=\"0\" aria-label=\"Poprzedni\">\n\t\t\t\t\t\t\t<svg aria-hidden=\"true\" class=\"e-font-icon-svg e-eicon-chevron-left\" viewBox=\"0 0 1000 1000\" xmlns=\"http:\/\/www.w3.org\/2000\/svg\"><path d=\"M646 125C629 125 613 133 604 142L308 442C296 454 292 471 292 487 292 504 296 521 308 533L604 854C617 867 629 875 646 875 663 875 679 871 692 858 704 846 713 829 713 812 713 796 708 779 692 767L438 487 692 225C700 217 708 204 708 187 708 171 704 154 692 142 675 129 663 125 646 125Z\"><\/path><\/svg>\t\t\t\t\t\t<\/div>\n\t\t\t\t\t\t<div class=\"elementor-swiper-button elementor-swiper-button-next\" role=\"button\" tabindex=\"0\" aria-label=\"Nast\u0119pny\">\n\t\t\t\t\t\t\t<svg aria-hidden=\"true\" class=\"e-font-icon-svg e-eicon-chevron-right\" viewBox=\"0 0 1000 1000\" xmlns=\"http:\/\/www.w3.org\/2000\/svg\"><path d=\"M696 533C708 521 713 504 713 487 713 471 708 454 696 446L400 146C388 133 375 125 354 125 338 125 325 129 313 142 300 154 292 171 292 187 292 204 296 221 308 233L563 492 304 771C292 783 288 800 288 817 288 833 296 850 308 863 321 871 338 875 354 875 371 875 388 867 400 854L696 533Z\"><\/path><\/svg>\t\t\t\t\t\t<\/div>\n\t\t\t\t\t\t\t\t\t\t\t\t\t\t\t\t<div class=\"swiper-pagination\"><\/div>\n\t\t\t\t\t\t\t\t\t\t\t\t<\/div>\n\t\t\t\t\t\t\t\t<\/div>\n\t\t\t\t\t<\/div>\n\t\t\t\t<\/div>\n\t\t<div class=\"elementor-element elementor-element-c41f7bf e-flex e-con-boxed e-con e-parent\" data-id=\"c41f7bf\" data-element_type=\"container\">\n\t\t\t\t\t<div class=\"e-con-inner\">\n\t\t<div class=\"elementor-element elementor-element-71fd3ad e-grid e-con-full e-con e-child\" data-id=\"71fd3ad\" data-element_type=\"container\" data-settings=\"{&quot;animation&quot;:&quot;none&quot;}\">\n\t\t<div class=\"elementor-element elementor-element-ada6d68 e-con-full e-flex elementor-invisible e-con e-child\" data-id=\"ada6d68\" data-element_type=\"container\" data-settings=\"{&quot;background_background&quot;:&quot;classic&quot;,&quot;animation&quot;:&quot;fadeInLeft&quot;}\">\n\t\t\t\t<div class=\"elementor-element elementor-element-7e85702 elementor-widget elementor-widget-heading\" data-id=\"7e85702\" data-element_type=\"widget\" data-widget_type=\"heading.default\">\n\t\t\t\t\t<h6 class=\"elementor-heading-title elementor-size-default\">EMILIA<\/h6>\t\t\t\t<\/div>\n\t\t\t\t<div class=\"elementor-element elementor-element-5d343a7 elementor-widget elementor-widget-text-editor\" data-id=\"5d343a7\" data-element_type=\"widget\" data-widget_type=\"text-editor.default\">\n\t\t\t\t\t\t\t\t\t<p>Podobno \u201ebrzydsza cz\u0119\u015b\u0107 zespo\u0142u\u201d (pe\u0142ne r\u00f3wnouprawnienie, wiadomo), cho\u0107 ten opis pochodzi od Jakuba, wi\u0119c jego wiarygodno\u015b\u0107 pozostawiamy do indywidualnej oceny <span class=\"html-span xexx8yu xyri2b x18d9i69 x1c1uobl x1hl2dhg x16tdsg8 x1vvkbs x3nfvp2 x1j61x8r x1fcty0u xdj266r xat24cr xm2jcoa x1mpyi22 xxymvpz xlup9mm x1kky2od\"><img decoding=\"async\" class=\"xz74otr x15mokao x1ga7v0g x16uus16 xbiv7yw\" src=\"https:\/\/static.xx.fbcdn.net\/images\/emoji.php\/v9\/t57\/1\/16\/1f609.png\" alt=\"\ud83d\ude09\" width=\"16\" height=\"16\" \/><\/span> Ponad 10 lat do\u015bwiadczenia w marketingu i naturalne \u015brodowisko w digitalu. Reprezentantka pokolenia, kt\u00f3re nie pami\u0119ta \u015bwiata bez internetu \u2013 i ca\u0142e szcz\u0119\u015bcie, bo dzi\u0119ki temu social media, kampanie online i e-marketing to dla niej nie \u201ekana\u0142y\u201d, tylko codzienno\u015b\u0107. Tam, gdzie inni jeszcze si\u0119 zastanawiaj\u0105 \u201eczy warto wrzuci\u0107 rolk\u0119\u201d, ona ju\u017c testuje trzeci wariant i analizuje wyniki. Specjalizuje si\u0119 w tym, co w marketingu najtrudniejsze: s\u0142uchaniu. Serio. Potrafi rozmawia\u0107 z klientem tak, \u017ceby z chaosu pomys\u0142\u00f3w, potrzeb i \u201ewydaje mi si\u0119\u201d zrobi\u0107 co\u015b, co faktycznie ma sens i dzia\u0142a. Zadaje pytania, kt\u00f3re czasem bol\u0105, ale finalnie oszcz\u0119dzaj\u0105 czas, bud\u017cet i nerwy. Ta mniej chaotyczna cz\u0119\u015b\u0107 zespo\u0142u \u2013 procesy pouk\u0142adane niemal perfekcyjnie, jak swetry w szafie (i to nie byle jak, tylko kolorystycznie i sezonowo). Systematyczna, punktualna i konsekwentna \u2013 czyli dok\u0142adnie taka osoba, kt\u00f3rej chcesz powierzy\u0107 prowadzenie komunikacji, kiedy zale\u017cy Ci na czym\u015b wi\u0119cej ni\u017c \u201ewrzu\u0107my co\u015b na szybko\u201d. Jej \u017cycie to posty, rolki i relacje. Brzmi jak nuda? Tylko do momentu, a\u017c zobaczysz efekty. Bo za tym \u201enudnym\u201d powtarzaniem stoi strategia, dane i wyczucie tego, co naprawd\u0119 dzia\u0142a na odbiorc\u00f3w. A prywatnie? Te\u017c ogarnia. Tylko troch\u0119 mniej na pokaz ni\u017c w socialach.<\/p>\t\t\t\t\t\t\t\t<\/div>\n\t\t\t\t<\/div>\n\t\t<div class=\"elementor-element elementor-element-6ddbbc6 e-con-full e-flex elementor-invisible e-con e-child\" data-id=\"6ddbbc6\" data-element_type=\"container\" data-settings=\"{&quot;background_background&quot;:&quot;classic&quot;,&quot;animation&quot;:&quot;fadeInRight&quot;}\">\n\t\t\t\t<div class=\"elementor-element elementor-element-6beb0d3 elementor-widget elementor-widget-heading\" data-id=\"6beb0d3\" data-element_type=\"widget\" data-widget_type=\"heading.default\">\n\t\t\t\t\t<h6 class=\"elementor-heading-title elementor-size-default\">Jakub<\/h6>\t\t\t\t<\/div>\n\t\t\t\t<div class=\"elementor-element elementor-element-ba65347 elementor-widget elementor-widget-text-editor\" data-id=\"ba65347\" data-element_type=\"widget\" data-widget_type=\"text-editor.default\">\n\t\t\t\t\t\t\t\t\t<p>Ponad 20 lat do\u015bwiadczenia jako manager marketingu. Zaczyna\u0142 jeszcze w czasach, gdy kampanie reklamowe powstawa\u0142y bardziej na no\u017cyczkach i kleju ni\u017c w panelach analitycznych, a miejskie tablice ugina\u0142y si\u0119 od kolorowego chaosu. Troch\u0119 bez gustu, troch\u0119 bez planu \u2013 ale za to z rozmachem. Takie by\u0142y realia: disco polo w tle, pierwsze reality show w telewizji i moda, kt\u00f3rej dzi\u015b nikt nie chce pami\u0119ta\u0107 (cho\u0107 zdj\u0119cia w internecie niestety przetrwa\u0142y). Przez te wszystkie lata wypracowa\u0142 podej\u015bcie, kt\u00f3re \u2013 cho\u0107 brzmi banalnie \u2013 dzia\u0142a zaskakuj\u0105co skutecznie: najwa\u017cniejsza jest oferta. Dobra oferta. A najlepiej taka, kt\u00f3ra ma sens biznesowy i cen\u0119, kt\u00f3ra nie odstrasza, ale te\u017c nie krzyczy \u201enajtaniej na rynku\u201d. Bo \u201eatrakcyjna\u201d nie znaczy \u201enajni\u017csza\u201d \u2013 znaczy \u201etaka, kt\u00f3r\u0105 klient rozumie i chce kupi\u0107\u201d. Zdeklarowany fan B2C i ludzkich decyzji zakupowych, kt\u00f3re cz\u0119sto nie maj\u0105 wiele wsp\u00f3lnego z logik\u0105\u2026 a mimo to prowadz\u0105 do klikni\u0119cia \u201ekup teraz\u201d. Wie, \u017ce wi\u0119kszo\u015b\u0107 klient\u00f3w nie analizuje ka\u017cdego szczeg\u00f3\u0142u \u2013 ale jednocze\u015bnie potrafi godzinami por\u00f3wnywa\u0107 oferty, kieruj\u0105c si\u0119 przeczuciem, opini\u0105 znajomego albo kolorem przycisku. Nie sprzedaje \u201ena si\u0142\u0119\u201d. Zamiast tego stawia na dopasowanie \u2013 odpowiada na realne potrzeby i pomaga klientom doj\u015b\u0107 do decyzji, kt\u00f3ra i tak ju\u017c gdzie\u015b w nich by\u0142a. Troch\u0119 strateg, troch\u0119 obserwator, troch\u0119 t\u0142umacz \u015bwiata marketingu na j\u0119zyk, kt\u00f3ry da si\u0119 zrozumie\u0107 bez s\u0142ownika bran\u017cowego. Po godzinach? Po godzinach biega &#8211; nie dla zdrowia, po prostu lubi piwo \ud83d\ude42<\/p>\t\t\t\t\t\t\t\t<\/div>\n\t\t\t\t<\/div>\n\t\t\t\t<\/div>\n\t\t\t\t\t<\/div>\n\t\t\t\t<\/div>\n\t\t<div class=\"elementor-element elementor-element-7547bc2 e-flex e-con-boxed e-con e-parent\" data-id=\"7547bc2\" data-element_type=\"container\" data-settings=\"{&quot;background_background&quot;:&quot;video&quot;,&quot;background_video_link&quot;:&quot;https:\\\/\\\/saku.media.pl\\\/wp-content\\\/uploads\\\/2025\\\/07\\\/saku-media-cover.mp4&quot;,&quot;background_video_start&quot;:0,&quot;background_video_end&quot;:32,&quot;background_play_on_mobile&quot;:&quot;yes&quot;}\">\n\t\t\t\t\t<div class=\"e-con-inner\">\n\t\t<div class=\"elementor-background-video-container\">\n\t\t\t\t\t\t\t<video class=\"elementor-background-video-hosted\" autoplay muted playsinline loop><\/video>\n\t\t\t\t\t<\/div><div class=\"elementor-element elementor-element-66d6773c e-con-full e-flex e-con e-child\" data-id=\"66d6773c\" data-element_type=\"container\">\n\t\t\t\t<div class=\"elementor-element elementor-element-35688f0f elementor-widget elementor-widget-heading\" data-id=\"35688f0f\" data-element_type=\"widget\" data-widget_type=\"heading.default\">\n\t\t\t\t\t<div class=\"elementor-heading-title elementor-size-default\">Wiesz \u017ce czasem trzeba co\u015b wrzuci\u0107...<\/div>\t\t\t\t<\/div>\n\t\t\t\t<div class=\"elementor-element elementor-element-1d37a2ca elementor-widget elementor-widget-heading\" data-id=\"1d37a2ca\" data-element_type=\"widget\" data-widget_type=\"heading.default\">\n\t\t\t\t\t<div class=\"elementor-heading-title elementor-size-default\">...ale nigdy nie ma kiedy. My mamy kiedy. I mamy pomys\u0142y. Ty tylko r\u00f3b swoje.<\/div>\t\t\t\t<\/div>\n\t\t\t\t<div class=\"elementor-element elementor-element-33ae6e5f elementor-align-center elementor-widget elementor-widget-button\" data-id=\"33ae6e5f\" data-element_type=\"widget\" data-widget_type=\"button.default\">\n\t\t\t\t\t\t\t\t\t\t<a class=\"elementor-button elementor-button-link elementor-size-sm\" href=\"https:\/\/saku.media.pl\/index.php\/oferta\/\">\n\t\t\t\t\t\t<span class=\"elementor-button-content-wrapper\">\n\t\t\t\t\t\t\t\t\t<span class=\"elementor-button-text\">Sprawd\u017a ofert\u0119<\/span>\n\t\t\t\t\t<\/span>\n\t\t\t\t\t<\/a>\n\t\t\t\t\t\t\t\t<\/div>\n\t\t\t\t<\/div>\n\t\t\t\t\t<\/div>\n\t\t\t\t<\/div>\n\t\t\t\t<\/div>\n\t\t","protected":false},"excerpt":{"rendered":"<p>Jedno wie, drugie czuje. Kto jest kim? Zale\u017cy od dnia. KIM JESTE\u015aMY Emilia &amp; Jakub \u0141\u0105czymy do\u015bwiadczenie z nowoczesnym spojrzeniem. Jakub \u2013 ponad 20 lat w marketingu i zarz\u0105dzaniu du\u017cymi projektami. Emilia \u2013 \u015bwie\u017ca energia, kreatywno\u015b\u0107 i \u015bwietne wyczucie trend\u00f3w. Wsp\u00f3lnie prowadzimy skuteczny marketing internetowy. Tworzymy anga\u017cuj\u0105ce tre\u015bci, prowadzimy profile w social media, piszemy blogi [&hellip;]<\/p>\n","protected":false},"author":1,"featured_media":0,"parent":0,"menu_order":0,"comment_status":"closed","ping_status":"closed","template":"elementor_header_footer","meta":{"footnotes":""},"class_list":["post-234","page","type-page","status-publish","hentry"],"_links":{"self":[{"href":"https:\/\/saku.media.pl\/index.php\/wp-json\/wp\/v2\/pages\/234","targetHints":{"allow":["GET"]}}],"collection":[{"href":"https:\/\/saku.media.pl\/index.php\/wp-json\/wp\/v2\/pages"}],"about":[{"href":"https:\/\/saku.media.pl\/index.php\/wp-json\/wp\/v2\/types\/page"}],"author":[{"embeddable":true,"href":"https:\/\/saku.media.pl\/index.php\/wp-json\/wp\/v2\/users\/1"}],"replies":[{"embeddable":true,"href":"https:\/\/saku.media.pl\/index.php\/wp-json\/wp\/v2\/comments?post=234"}],"version-history":[{"count":68,"href":"https:\/\/saku.media.pl\/index.php\/wp-json\/wp\/v2\/pages\/234\/revisions"}],"predecessor-version":[{"id":1058,"href":"https:\/\/saku.media.pl\/index.php\/wp-json\/wp\/v2\/pages\/234\/revisions\/1058"}],"wp:attachment":[{"href":"https:\/\/saku.media.pl\/index.php\/wp-json\/wp\/v2\/media?parent=234"}],"curies":[{"name":"wp","href":"https:\/\/api.w.org\/{rel}","templated":true}]}}